{"id":58,"date":"2018-11-05T10:03:49","date_gmt":"2018-11-05T12:03:49","guid":{"rendered":"https:\/\/www.aurotec.com\/?page_id=58"},"modified":"2020-04-17T10:24:31","modified_gmt":"2020-04-17T13:24:31","slug":"sobre-nos","status":"publish","type":"page","link":"https:\/\/www.aurotec.com\/pt\/sobre-nos\/","title":{"rendered":"Sobre n\u00f3s"},"content":{"rendered":"<p><\/p>\n<h2>Conhe\u00e7a nossa Hist\u00f3ria<\/h2>\n<p>Inaugurada em 2013, a Aurotec \u00e9 uma empresa que j\u00e1 nasceu disposta a levar inova\u00e7\u00e3o e qualidade ao setor sucroalcooleiro nacional. Em sua matriz &#8211; localizada numa \u00e1rea com mais de 28.000m\u00b2 &#8211; em Presidente Prudente\/SP, a organiza\u00e7\u00e3o produz e comercializa pe\u00e7as, acess\u00f3rios e solu\u00e7\u00f5es para colhedoras de cana-de-a\u00e7\u00facar, plantadoras de cana e tratores.<br \/>\nPrezando sempre pela \u00e9tica, respeito e compromisso com os resultados de seus clientes. \u00c0 frente das principais opera\u00e7\u00f5es da empresa, est\u00e1 uma equipe formada por jovens administradores com ampla vis\u00e3o de mercado. Um diferencial que agrega aos produtos e servi\u00e7os da institui\u00e7\u00e3o.<br \/>\nDessa maneira, a Aurotec consegue estender ao campo a integridade, inova\u00e7\u00e3o e qualidade que prop\u00f4s ao mercado em sua inaugura\u00e7\u00e3o. Valores estes que tamb\u00e9m permeiam todos os setores da empresa.<\/p>","protected":false},"excerpt":{"rendered":"<p>Conhe\u00e7a nossa Hist\u00f3ria Inaugurada em 2013, a Aurotec \u00e9 uma empresa que j\u00e1 nasceu disposta a levar inova\u00e7\u00e3o e qualidade &#8230;<\/p>\n","protected":false},"author":4,"featured_media":0,"parent":0,"menu_order":0,"comment_status":"closed","ping_status":"closed","template":"","meta":{"footnotes":""},"class_list":["post-58","page","type-page","status-publish","hentry"],"yoast_head":"<!-- This site is optimized with the Yoast SEO plugin v27.2 - https:\/\/yoast.com\/product\/yoast-seo-wordpress\/ -->\n<title>Sobre n\u00f3s - Aurotec<\/title>\n<meta name=\"description\" content=\"Pe\u00e7as e acess\u00f3rios para sua colhedora, resist\u00eancia e qualidade para seu trabalho no campo.\" \/>\n<meta name=\"robots\" content=\"index, follow, max-snippet:-1, max-image-preview:large, max-video-preview:-1\" \/>\n<link rel=\"canonical\" href=\"https:\/\/www.aurotec.com\/pt\/sobre-nos\/\" \/>\n<meta property=\"og:locale\" content=\"pt_BR\" \/>\n<meta property=\"og:type\" content=\"article\" \/>\n<meta property=\"og:title\" content=\"Sobre n\u00f3s - Aurotec\" \/>\n<meta property=\"og:description\" content=\"Pe\u00e7as e acess\u00f3rios para sua colhedora, resist\u00eancia e qualidade para seu trabalho no campo.\" \/>\n<meta property=\"og:url\" content=\"https:\/\/www.aurotec.com\/pt\/sobre-nos\/\" \/>\n<meta property=\"og:site_name\" content=\"Aurotec\" \/>\n<meta property=\"article:modified_time\" content=\"2020-04-17T13:24:31+00:00\" \/>\n<meta name=\"twitter:card\" content=\"summary_large_image\" \/>\n<meta name=\"twitter:label1\" content=\"Est. tempo de leitura\" \/>\n\t<meta name=\"twitter:data1\" content=\"2 minutos\" \/>\n<script type=\"application\/ld+json\" class=\"yoast-schema-graph\">{\"@context\":\"https:\/\/schema.org\",\"@graph\":[{\"@type\":\"WebPage\",\"@id\":\"https:\/\/www.aurotec.com\/pt\/sobre-nos\/\",\"url\":\"https:\/\/www.aurotec.com\/pt\/sobre-nos\/\",\"name\":\"Sobre n\u00f3s - Aurotec\",\"isPartOf\":{\"@id\":\"https:\/\/www.aurotec.com\/es\/#website\"},\"datePublished\":\"2018-11-05T12:03:49+00:00\",\"dateModified\":\"2020-04-17T13:24:31+00:00\",\"description\":\"Pe\u00e7as e acess\u00f3rios para sua colhedora, resist\u00eancia e qualidade para seu trabalho no campo.\",\"breadcrumb\":{\"@id\":\"https:\/\/www.aurotec.com\/pt\/sobre-nos\/#breadcrumb\"},\"inLanguage\":\"pt-BR\",\"potentialAction\":[{\"@type\":\"ReadAction\",\"target\":[\"https:\/\/www.aurotec.com\/pt\/sobre-nos\/\"]}]},{\"@type\":\"BreadcrumbList\",\"@id\":\"https:\/\/www.aurotec.com\/pt\/sobre-nos\/#breadcrumb\",\"itemListElement\":[{\"@type\":\"ListItem\",\"position\":1,\"name\":\"Home\",\"item\":\"https:\/\/www.aurotec.com\/es\/\"},{\"@type\":\"ListItem\",\"position\":2,\"name\":\"Sobre n\u00f3s\"}]},{\"@type\":\"WebSite\",\"@id\":\"https:\/\/www.aurotec.com\/es\/#website\",\"url\":\"https:\/\/www.aurotec.com\/es\/\",\"name\":\"Aurotec\",\"description\":\"Pe\u00e7as e acess\u00f3rios para sua colhedora, resist\u00eancia e qualidade para seu trabalho no campo\",\"potentialAction\":[{\"@type\":\"SearchAction\",\"target\":{\"@type\":\"EntryPoint\",\"urlTemplate\":\"https:\/\/www.aurotec.com\/es\/?s={search_term_string}\"},\"query-input\":{\"@type\":\"PropertyValueSpecification\",\"valueRequired\":true,\"valueName\":\"search_term_string\"}}],\"inLanguage\":\"pt-BR\"}]}<\/script>\n<!-- \/ Yoast SEO plugin. -->","yoast_head_json":{"title":"Sobre n\u00f3s - Aurotec","description":"Pe\u00e7as e acess\u00f3rios para sua colhedora, resist\u00eancia e qualidade para seu trabalho no campo.","robots":{"index":"index","follow":"follow","max-snippet":"max-snippet:-1","max-image-preview":"max-image-preview:large","max-video-preview":"max-video-preview:-1"},"canonical":"https:\/\/www.aurotec.com\/pt\/sobre-nos\/","og_locale":"pt_BR","og_type":"article","og_title":"Sobre n\u00f3s - Aurotec","og_description":"Pe\u00e7as e acess\u00f3rios para sua colhedora, resist\u00eancia e qualidade para seu trabalho no campo.","og_url":"https:\/\/www.aurotec.com\/pt\/sobre-nos\/","og_site_name":"Aurotec","article_modified_time":"2020-04-17T13:24:31+00:00","twitter_card":"summary_large_image","twitter_misc":{"Est. tempo de leitura":"2 minutos"},"schema":{"@context":"https:\/\/schema.org","@graph":[{"@type":"WebPage","@id":"https:\/\/www.aurotec.com\/pt\/sobre-nos\/","url":"https:\/\/www.aurotec.com\/pt\/sobre-nos\/","name":"Sobre n\u00f3s - Aurotec","isPartOf":{"@id":"https:\/\/www.aurotec.com\/es\/#website"},"datePublished":"2018-11-05T12:03:49+00:00","dateModified":"2020-04-17T13:24:31+00:00","description":"Pe\u00e7as e acess\u00f3rios para sua colhedora, resist\u00eancia e qualidade para seu trabalho no campo.","breadcrumb":{"@id":"https:\/\/www.aurotec.com\/pt\/sobre-nos\/#breadcrumb"},"inLanguage":"pt-BR","potentialAction":[{"@type":"ReadAction","target":["https:\/\/www.aurotec.com\/pt\/sobre-nos\/"]}]},{"@type":"BreadcrumbList","@id":"https:\/\/www.aurotec.com\/pt\/sobre-nos\/#breadcrumb","itemListElement":[{"@type":"ListItem","position":1,"name":"Home","item":"https:\/\/www.aurotec.com\/es\/"},{"@type":"ListItem","position":2,"name":"Sobre n\u00f3s"}]},{"@type":"WebSite","@id":"https:\/\/www.aurotec.com\/es\/#website","url":"https:\/\/www.aurotec.com\/es\/","name":"Aurotec","description":"Pe\u00e7as e acess\u00f3rios para sua colhedora, resist\u00eancia e qualidade para seu trabalho no campo","potentialAction":[{"@type":"SearchAction","target":{"@type":"EntryPoint","urlTemplate":"https:\/\/www.aurotec.com\/es\/?s={search_term_string}"},"query-input":{"@type":"PropertyValueSpecification","valueRequired":true,"valueName":"search_term_string"}}],"inLanguage":"pt-BR"}]}},"_links":{"self":[{"href":"https:\/\/www.aurotec.com\/pt\/wp-json\/wp\/v2\/pages\/58","targetHints":{"allow":["GET"]}}],"collection":[{"href":"https:\/\/www.aurotec.com\/pt\/wp-json\/wp\/v2\/pages"}],"about":[{"href":"https:\/\/www.aurotec.com\/pt\/wp-json\/wp\/v2\/types\/page"}],"author":[{"embeddable":true,"href":"https:\/\/www.aurotec.com\/pt\/wp-json\/wp\/v2\/users\/4"}],"replies":[{"embeddable":true,"href":"https:\/\/www.aurotec.com\/pt\/wp-json\/wp\/v2\/comments?post=58"}],"version-history":[{"count":7,"href":"https:\/\/www.aurotec.com\/pt\/wp-json\/wp\/v2\/pages\/58\/revisions"}],"predecessor-version":[{"id":628,"href":"https:\/\/www.aurotec.com\/pt\/wp-json\/wp\/v2\/pages\/58\/revisions\/628"}],"wp:attachment":[{"href":"https:\/\/www.aurotec.com\/pt\/wp-json\/wp\/v2\/media?parent=58"}],"curies":[{"name":"wp","href":"https:\/\/api.w.org\/{rel}","templated":true}]}}